{"id":185,"date":"2017-02-04T07:44:49","date_gmt":"2017-02-04T07:44:49","guid":{"rendered":"https:\/\/www.wp1.themexlab.com\/newwp\/bristol\/?page_id=185"},"modified":"2020-11-12T01:38:45","modified_gmt":"2020-11-12T01:38:45","slug":"seguridad-privada-industrial","status":"publish","type":"page","link":"https:\/\/www.topalientornoseguro.com.mx\/index.php\/seguridad-privada-industrial\/","title":{"rendered":"SEGURIDAD PRIVADA INDUSTRIAL"},"content":{"rendered":"<p><section class=\"kc-elm kc-css-42490 kc_row sidebar-page-container\"><div class=\"kc-row-container  kc-container\"><div class=\"kc-wrap-columns\"><div class=\"kc-elm kc-css-579299 kc_col-sm-6 kc_column kc_col-sm-6 content-side\"><div class=\"kc-col-container\"><div class=\"kc-elm kc-css-75129 kc-animated kc-animate-eff-fadeInUp kc_shortcode kc_single_image\">\n\n        <img src=\"https:\/\/www.topalientornoseguro.com.mx\/wp-content\/uploads\/2020\/10\/home-seguridad-industrial-min.jpg\" class=\"\" alt=\"\" \/>    <\/div>\n<\/div><\/div><div class=\"kc-elm kc-css-377691 kc_col-sm-6 kc_column kc_col-sm-6 sidebar blog-sidebar\"><div class=\"kc-col-container\"><div class=\"kc-elm kc-css-789240 kc_text_block\"><\/p>\n<div>\n<h1 class=\"thumb-title\"><strong>PROTECCI\u00d3N DE F\u00c1BRICAS Y PLANTAS INDUSTRIALES<\/strong><\/h1>\n<h4 class=\"text-align:justify\">Ejecutamos exitosos proyectos de seguridad privada industrial, tanto en f\u00e1bricas como en plantas o parques industriales.<\/h4>\n<h4 style=\"color: #ffc107;\">Adecuamos nuestros servicios para garantizar que:<\/h4>\n<ul class=\"list-style-one\">\n<li>Cada cliente tenga la tranquilidad que personas y bienes est\u00e1n protegidos, las 24 horas los 365 d\u00edas del a\u00f1o, por controles y protocolos de vigilancia.<\/li>\n<li>Se apliquen planes de trabajo que avalen que los empleados realizan sus actividades con las medidas preventivas y evitando accidentes de trabajo.<\/li>\n<li>Se llevan los procesos cumpliendo con est\u00e1ndares propios de su industria.<\/li>\n<li>Se resguarden materiales o bienes en la circulaci\u00f3n vehicular o traslados dentro y fuera de sus instalaciones.<\/li>\n<\/ul>\n<\/div>\n<p>\n<\/div><\/div><\/div><\/div><\/div><\/section><section class=\"kc-elm kc-css-370875 kc_row sidebar-page-container\"><div class=\"kc-row-container  kc-container\"><div class=\"kc-wrap-columns\"><div class=\"kc-elm kc-css-746527 kc_col-sm-8 kc_column kc_col-sm-8 content-side\"><div class=\"kc-col-container\"><div class=\"services-content\">\n    <!--Image Box-->\n    <div class=\"image-box\">\n        <img src=\"http:\/\/test.rankio.mx\/colosal\/wp-content\/uploads\/2020\/11\/home-seguridad-industrial-min.jpg\" alt=\"Image\" \/>\n    <\/div>\n    \n    <!--Lower Content-->\n    <div class=\"lower-content\">\n        <h3>PROTECCI\u00d3N DE F\u00c1BRICAS Y PLANTAS INDUSTRIALES<\/h3>\n        <div class=\"text-block\">\n            <p>Ejecutamos exitosos proyectos de seguridad privada industrial, tanto en f\u00e1bricas como en plantas o parques industriales.<\/p>\n            <p><\/p>\n            <p><strong>Adecuamos nuestros servicios para garantizar que:<\/strong><\/p>\n        <\/div>\n        \n        <div class=\"row clearfix\">\n            <div>\r\n<ul class=\"list-style-one\">\r\n<li>Cada cliente tenga la tranquilidad que personas y bienes est\u00e1n protegidos, las 24 horas los 365 d\u00edas del a\u00f1o, por controles y protocolos de vigilancia.<\/li>\r\n<li>Se apliquen planes de trabajo que avalen que los empleados realizan sus actividades con las medidas preventivas y evitando accidentes de trabajo.<\/li>\r\n<li>Se llevan los procesos cumpliendo con est\u00e1ndares propios de su industria.<\/li>\r\n<li>Se resguarden materiales o bienes en la circulaci\u00f3n vehicular o traslados dentro y fuera de sus instalaciones.<\/li>\r\n<\/ul>\r\n<\/div>\r\n        <\/div>\n\t<\/div>\n<\/div><\/div><\/div><div class=\"kc-elm kc-css-752399 kc_col-sm-4 kc_column kc_col-sm-4 sidebar blog-sidebar\"><div class=\"kc-col-container\"><\/div><\/div><\/div><\/div><\/section><section class=\"kc-elm kc-css-774382 kc_row\"><div class=\"kc-row-container  kc-container\"><div class=\"kc-wrap-columns\"><div class=\"kc-elm kc-css-622876 kc_col-sm-12 kc_column kc_col-sm-12\"><div class=\"kc-col-container\"><div class=\"kc-elm kc-css-668167 kc_text_block\"><\/p>\n<h1 class=\"section-title\" style=\"text-align: center;\"><strong>SERVICIOS<\/strong><\/h1>\n<h2 style=\"text-align: center;\"><em><span class=\"sub-title font-size-24\">TE MANTENEMOS SEGURO<\/span><\/em><\/h2>\n<h3 style=\"text-align: center;\">Realicemos el plan de seguridad integral que necesitas, para el desarrollo infalible de tu industria.<\/h3>\n<p>\n<\/div><\/div><\/div><\/div><\/div><\/section><section class=\"kc-elm kc-css-994024 kc_row\"><div class=\"kc-row-container  kc-container\"><div class=\"kc-wrap-columns\"><div class=\"kc-elm kc-css-904145 kc_col-sm-5 kc_column kc_col-sm-5\"><div class=\"kc-col-container\"><div class=\"kc-elm kc-css-451172 kc-raw-code\"><table  border=\"0\">\r\n  <tr>\r\n\t\t\t\t    <td width=\"80\"><img src=\"http:\/\/test.rankio.mx\/colosal\/wp-content\/uploads\/2020\/11\/icon-cercas-perimetrales-min.jpg\" width=\"80\" alt=\"\"><\/td>\r\n\t\t\t\t    <td><ul>\r\n\t\t\t\t      <li> CERCAS PERIMETRALES<\/li>\r\n\t\t\t\t      <\/ul><\/td>\r\n\t\t\t      <\/tr>\r\n\t\t\t\t  <tr>\r\n\t\t\t\t    <td><img src=\"http:\/\/test.rankio.mx\/colosal\/wp-content\/uploads\/2020\/11\/icon-sistemas-de-acceso-min.png\" width=\"80\" alt=\"\"><\/td>\r\n\t\t\t\t    <td><ul>\r\n\t\t\t\t      <li> SISTEMAS DE ACCESO <\/li>\r\n\t\t\t\t      <\/ul><\/td>\r\n\t\t\t      <\/tr>\r\n\t\t\t\t  <tr>\r\n\t\t\t\t    <td><img src=\"http:\/\/test.rankio.mx\/colosal\/wp-content\/uploads\/2020\/11\/icon-alarmas-min.png\" width=\"80\" alt=\"\"><\/td>\r\n\t\t\t\t    <td><ul>\r\n\t\t\t\t      <li>ALARMAS<\/li>\r\n\t\t\t\t      <\/ul><\/td>\r\n\t\t\t      <\/tr>\r\n\t\t\t\t  <tr>\r\n\t\t\t\t    <td><img src=\"http:\/\/test.rankio.mx\/colosal\/wp-content\/uploads\/2020\/11\/icon-cctv-min.png\" width=\"80\" alt=\"\"><\/td>\r\n\t\t\t\t    <td><ul>\r\n\t\t\t\t      <li> CCTV <\/li>\r\n\t\t\t\t      <\/ul><\/td>\r\n\t\t\t      <\/tr>\r\n\t\t\t\t  <tr>\r\n\t\t\t\t    <td><img src=\"http:\/\/test.rankio.mx\/colosal\/wp-content\/uploads\/2020\/11\/icon-guardias-de-seguridad-min.png\" width=\"80\" alt=\"\"><\/td>\r\n\t\t\t\t    <td><ul>\r\n\t\t\t\t      <li> GUARDIAS DE SEGURIDAD <\/li>\r\n\t\t\t\t      <\/ul><\/td>\r\n\t\t\t      <\/tr>\r\n  <tr>\r\n\t\t\t\t    <td><img src=\"http:\/\/test.rankio.mx\/colosal\/wp-content\/uploads\/2020\/11\/icon-custodias-min.png\" width=\"80\" alt=\"\"><\/td>\r\n\t\t\t\t    <td><ul>\r\n\t\t\t\t      <li>CUSTODIAS<\/li>\r\n\t\t\t\t      <\/ul><\/td>\r\n    <\/tr>\r\n<\/table><\/div><\/div><\/div><div class=\"kc-elm kc-css-868439 kc_col-sm-7 kc_column kc_col-sm-7\"><div class=\"kc-col-container\"><\/div><\/div><\/div><\/div><\/section><section class=\"kc-elm kc-css-981218 kc_row\"><div class=\"kc-row-container  kc-container\"><div class=\"kc-wrap-columns\"><div class=\"kc-elm kc-css-915681 kc_col-sm-12 kc_column kc_col-sm-12\"><div class=\"kc-col-container\"><div class=\"kc-elm kc-css-508001\" style=\"height: 42px; clear: both; width:100%;\"><\/div><\/div><\/div><\/div><\/div><\/section><section class=\"kc-elm kc-css-538368 kc_row\"><div class=\"kc-row-container  kc-container\"><div class=\"kc-wrap-columns\"><div class=\"kc-elm kc-css-665544 kc_col-sm-2 kc_column kc_col-sm-2\"><div class=\"kc-col-container\"><div class=\"kc-elm kc-css-510078 kc_shortcode kc_single_image\">\n\n        <img src=\"https:\/\/www.topalientornoseguro.com.mx\/wp-content\/uploads\/2020\/11\/icon-cercas-perimetrales-min.jpg\" class=\"\" alt=\"\" \/>    <\/div>\n<div class=\"kc-elm kc-css-244687 kc_text_block\"><\/p>\n<h5 style=\"text-align: center;\">CERCA PERIMETRALES<\/h5>\n<p>\n<\/div><\/div><\/div><div class=\"kc-elm kc-css-115751 kc_col-sm-2 kc_column kc_col-sm-2\"><div class=\"kc-col-container\"><div class=\"kc-elm kc-css-889415 kc_shortcode kc_single_image\">\n\n        <img src=\"https:\/\/www.topalientornoseguro.com.mx\/wp-content\/uploads\/2020\/11\/icon-sistemas-de-acceso-min.png\" class=\"\" alt=\"\" \/>    <\/div>\n<div class=\"kc-elm kc-css-764747 kc_text_block\"><\/p>\n<h5 style=\"text-align: center;\">SISTEMAS DE ACCESO<\/h5>\n<p>\n<\/div><\/div><\/div><div class=\"kc-elm kc-css-706016 kc_col-sm-2 kc_column kc_col-sm-2\"><div class=\"kc-col-container\"><div class=\"kc-elm kc-css-910879 kc_shortcode kc_single_image\">\n\n        <img src=\"https:\/\/www.topalientornoseguro.com.mx\/wp-content\/uploads\/2020\/11\/icon-alarmas-min.png\" class=\"\" alt=\"\" \/>    <\/div>\n<div class=\"kc-elm kc-css-249447 kc_text_block\"><\/p>\n<h5 style=\"text-align: center;\">ALARMAS<\/h5>\n<p>\n<\/div><\/div><\/div><div class=\"kc-elm kc-css-978665 kc_col-sm-2 kc_column kc_col-sm-2\"><div class=\"kc-col-container\"><div class=\"kc-elm kc-css-629882 kc_shortcode kc_single_image\">\n\n        <img src=\"https:\/\/www.topalientornoseguro.com.mx\/wp-content\/uploads\/2020\/11\/icon-cctv-min.png\" class=\"\" alt=\"\" \/>    <\/div>\n<div class=\"kc-elm kc-css-270115 kc_text_block\"><\/p>\n<h5 style=\"text-align: center;\">CCTV<\/h5>\n<p>\n<\/div><\/div><\/div><div class=\"kc-elm kc-css-90710 kc_col-sm-2 kc_column kc_col-sm-2\"><div class=\"kc-col-container\"><div class=\"kc-elm kc-css-883722 kc_shortcode kc_single_image\">\n\n        <img src=\"https:\/\/www.topalientornoseguro.com.mx\/wp-content\/uploads\/2020\/11\/icon-guardias-de-seguridad-min.png\" class=\"\" alt=\"\" \/>    <\/div>\n<div class=\"kc-elm kc-css-576872 kc_text_block\"><\/p>\n<h5 style=\"text-align: center;\">GUARDIAS DE SEGURIDAD<\/h5>\n<p>\n<\/div><\/div><\/div><div class=\"kc-elm kc-css-709876 kc_col-sm-2 kc_column kc_col-sm-2\"><div class=\"kc-col-container\"><div class=\"kc-elm kc-css-816652 kc_shortcode kc_single_image\">\n\n        <img src=\"https:\/\/www.topalientornoseguro.com.mx\/wp-content\/uploads\/2020\/11\/icon-custodias-min.png\" class=\"\" alt=\"\" \/>    <\/div>\n<div class=\"kc-elm kc-css-355192 kc_text_block\"><\/p>\n<h5 style=\"text-align: center;\">CUSTODIA<\/h5>\n<p>\n<\/div><\/div><\/div><\/div><\/div><\/section><section class=\"kc-elm kc-css-978413 kc_row\"><div class=\"kc-row-container  kc-container\"><div class=\"kc-wrap-columns\"><div class=\"kc-elm kc-css-280750 kc_col-sm-12 kc_column kc_col-sm-12\"><div class=\"kc-col-container\"><div class=\"kc-elm kc-css-352597\" style=\"height: 83px; clear: both; width:100%;\"><\/div><!--Inquiry Form-->\n<section class=\"inquiry-section wow fadeInUp\" data-wow-delay=\"0ms\" data-wow-duration=\"1500ms\">\n    <div class=\"auto-container\">\n        <h3>CONT\u00c1CTENOS PARA CONSULTAS<\/h3>\n        <!--Inquiry Form-->\n        <div class=\"inquiry-form\">\n            <div role=\"form\" class=\"wpcf7\" id=\"wpcf7-f19-o1\" lang=\"en-US\" dir=\"ltr\">\n<div class=\"screen-reader-response\"><p role=\"status\" aria-live=\"polite\" aria-atomic=\"true\"><\/p> <ul><\/ul><\/div>\n<form action=\"\/index.php\/wp-json\/wp\/v2\/pages\/185#wpcf7-f19-o1\" method=\"post\" class=\"wpcf7-form init\" novalidate=\"novalidate\" data-status=\"init\">\n<div style=\"display: none;\">\n<input type=\"hidden\" name=\"_wpcf7\" value=\"19\" \/>\n<input type=\"hidden\" name=\"_wpcf7_version\" value=\"5.3.2\" \/>\n<input type=\"hidden\" name=\"_wpcf7_locale\" value=\"en_US\" \/>\n<input type=\"hidden\" name=\"_wpcf7_unit_tag\" value=\"wpcf7-f19-o1\" \/>\n<input type=\"hidden\" name=\"_wpcf7_container_post\" value=\"0\" \/>\n<input type=\"hidden\" name=\"_wpcf7_posted_data_hash\" value=\"\" \/>\n<\/div>\n<div class=\"row clearfix\">\n<div class=\"form-group col-md-4 col-sm-6 col-xs-12\">\n<div class=\"group-inner\"><label class=\"icon-label\" for=\"field-one\"><span class=\"flaticon-social\"><\/span><\/label><span class=\"wpcf7-form-control-wrap text-285\"><input type=\"text\" name=\"text-285\" value=\"\" size=\"40\" class=\"wpcf7-form-control wpcf7-text wpcf7-validates-as-required\" id=\"field-one\" aria-required=\"true\" aria-invalid=\"false\" placeholder=\"Nombre *\" \/><\/span><\/div>\n<\/div>\n<div class=\"form-group col-md-4 col-sm-6 col-xs-12\">\n<div class=\"group-inner\"><label class=\"icon-label\" for=\"field-two\"><span class=\"flaticon-business-1\"><\/span><\/label><span class=\"wpcf7-form-control-wrap email-12\"><input type=\"email\" name=\"email-12\" value=\"\" size=\"40\" class=\"wpcf7-form-control wpcf7-text wpcf7-email wpcf7-validates-as-required wpcf7-validates-as-email\" id=\"field-two\" aria-required=\"true\" aria-invalid=\"false\" placeholder=\"Email *\" \/><\/span><\/div>\n<\/div>\n<div class=\"form-group col-md-4 col-sm-6 col-xs-12\">\n<div class=\"group-inner\"><label class=\"icon-label\" for=\"field-three\"><span class=\"flaticon-smartphone\"><\/span><\/label><span class=\"wpcf7-form-control-wrap text-286\"><input type=\"text\" name=\"text-286\" value=\"\" size=\"40\" class=\"wpcf7-form-control wpcf7-text\" id=\"field-three\" aria-invalid=\"false\" placeholder=\"Tel\u00e9fono\" \/><\/span><\/div>\n<\/div>\n<div class=\"form-group col-md-4 col-sm-6 col-xs-12\">\n<div class=\"group-inner\"><span class=\"wpcf7-form-control-wrap menu-607\"><select name=\"menu-607\" class=\"wpcf7-form-control wpcf7-select\" aria-invalid=\"false\"><option value=\"Selecciona un Servicio\">Selecciona un Servicio<\/option><option value=\"Seguridad Privada Industrial\">Seguridad Privada Industrial<\/option><option value=\"Seguridad Privada Empresarial\">Seguridad Privada Empresarial<\/option><option value=\"Seguridad Privada Residencial\">Seguridad Privada Residencial<\/option><option value=\"Custodias de Mercanc\u00edas\">Custodias de Mercanc\u00edas<\/option><\/select><\/span><\/div>\n<\/div>\n<div class=\"form-group col-md-4 col-sm-12 col-xs-12\">\n<div class=\"group-inner\"><label class=\"icon-label\" for=\"field-four\"><span class=\"flaticon-speech-bubble-1\"><\/span><\/label><span class=\"wpcf7-form-control-wrap textarea-751\"><textarea name=\"textarea-751\" cols=\"40\" rows=\"10\" class=\"wpcf7-form-control wpcf7-textarea\" id=\"field-four\" aria-invalid=\"false\" placeholder=\"Mensaje\"><\/textarea><\/span><\/div>\n<\/div>\n<div class=\"submit-btn form-group col-md-4 col-sm-12 col-xs-12\"><input type=\"submit\" value=\"ENVIAR\" class=\"wpcf7-form-control wpcf7-submit theme-btn btn-style-three\" \/><\/div>\n<\/div>\n<p style=\"display: none !important;\"><label>&#916;<textarea name=\"_wpcf7_ak_hp_textarea\" cols=\"45\" rows=\"8\" maxlength=\"100\"><\/textarea><\/label><input type=\"hidden\" id=\"ak_js_1\" name=\"_wpcf7_ak_js\" value=\"156\"\/><script>document.getElementById( \"ak_js_1\" ).setAttribute( \"value\", ( new Date() ).getTime() );<\/script><\/p><div class=\"wpcf7-response-output\" aria-hidden=\"true\"><\/div><\/form><\/div>        <\/div>\n        <!--End Inquiry Form-->\n    <\/div>\n<\/section>\n<!--End Inquiry Form--><\/div><\/div><\/div><\/div><\/section><section class=\"kc-elm kc-css-327260 kc_row\"><div class=\"kc-row-container  kc-container\"><div class=\"kc-wrap-columns\"><div class=\"kc-elm kc-css-83660 kc_col-sm-5 kc_column kc_col-sm-5\"><div class=\"kc-col-container\"><div class=\"kc-elm kc-css-71295 kc-raw-code\"><table  border=\"0\">\r\n  <tr>\r\n\t\t\t\t    <td width=\"80\"><img src=\"http:\/\/test.rankio.mx\/colosal\/wp-content\/uploads\/2020\/11\/icon-cercas-perimetrales-min.jpg\" width=\"80\" alt=\"\"><\/td>\r\n\t\t\t\t    <td><ul>\r\n\t\t\t\t      <li> CERCAS PERIMETRALES<\/li>\r\n\t\t\t\t      <\/ul><\/td>\r\n\t\t\t      <\/tr>\r\n\t\t\t\t  <tr>\r\n\t\t\t\t    <td><img src=\"http:\/\/test.rankio.mx\/colosal\/wp-content\/uploads\/2020\/11\/icon-sistemas-de-acceso-min.png\" width=\"80\" alt=\"\"><\/td>\r\n\t\t\t\t    <td><ul>\r\n\t\t\t\t      <li> SISTEMAS DE ACCESO <\/li>\r\n\t\t\t\t      <\/ul><\/td>\r\n\t\t\t      <\/tr>\r\n\t\t\t\t  <tr>\r\n\t\t\t\t    <td><img src=\"http:\/\/test.rankio.mx\/colosal\/wp-content\/uploads\/2020\/11\/icon-alarmas-min.png\" width=\"80\" alt=\"\"><\/td>\r\n\t\t\t\t    <td><ul>\r\n\t\t\t\t      <li>ALARMAS<\/li>\r\n\t\t\t\t      <\/ul><\/td>\r\n\t\t\t      <\/tr>\r\n\t\t\t\t  <tr>\r\n\t\t\t\t    <td><img src=\"http:\/\/test.rankio.mx\/colosal\/wp-content\/uploads\/2020\/11\/icon-cctv-min.png\" width=\"80\" alt=\"\"><\/td>\r\n\t\t\t\t    <td><ul>\r\n\t\t\t\t      <li> CCTV <\/li>\r\n\t\t\t\t      <\/ul><\/td>\r\n\t\t\t      <\/tr>\r\n\t\t\t\t  <tr>\r\n\t\t\t\t    <td><img src=\"http:\/\/test.rankio.mx\/colosal\/wp-content\/uploads\/2020\/11\/icon-guardias-de-seguridad-min.png\" width=\"80\" alt=\"\"><\/td>\r\n\t\t\t\t    <td><ul>\r\n\t\t\t\t      <li> GUARDIAS DE SEGURIDAD <\/li>\r\n\t\t\t\t      <\/ul><\/td>\r\n\t\t\t      <\/tr>\r\n  <tr>\r\n\t\t\t\t    <td><img src=\"http:\/\/test.rankio.mx\/colosal\/wp-content\/uploads\/2020\/11\/icon-custodias-min.png\" width=\"80\" alt=\"\"><\/td>\r\n\t\t\t\t    <td><ul>\r\n\t\t\t\t      <li>CUSTODIAS<\/li>\r\n\t\t\t\t      <\/ul><\/td>\r\n    <\/tr>\r\n<\/table><\/div><\/div><\/div><div class=\"kc-elm kc-css-785214 kc_col-sm-7 kc_column kc_col-sm-7\"><div class=\"kc-col-container\"><div class=\"kc-elm kc-css-241336 kc-raw-code\"><div class=\"wpforms-container wpforms-container-full\" id=\"wpforms-486\"><form id=\"wpforms-form-486\" class=\"wpforms-validate wpforms-form wpforms-ajax-form\" data-formid=\"486\" method=\"post\" enctype=\"multipart\/form-data\" action=\"\/index.php\/wp-json\/wp\/v2\/pages\/185\" data-token=\"3d8c56cb4fc9615ac5bd2987dd799c42\"><noscript class=\"wpforms-error-noscript\">Por favor, activa JavaScript en tu navegador para completar este formulario.<\/noscript><div class=\"wpforms-field-container\"><div id=\"wpforms-486-field_0-container\" class=\"wpforms-field wpforms-field-name\" data-field-id=\"0\"><label class=\"wpforms-field-label\" for=\"wpforms-486-field_0\">Nombre <span class=\"wpforms-required-label\">*<\/span><\/label><div class=\"wpforms-field-row wpforms-field-medium\"><div class=\"wpforms-field-row-block wpforms-first wpforms-one-half\"><input type=\"text\" id=\"wpforms-486-field_0\" class=\"wpforms-field-name-first wpforms-field-required\" name=\"wpforms[fields][0][first]\" required><label for=\"wpforms-486-field_0\" class=\"wpforms-field-sublabel after \">Nombre<\/label><\/div><div class=\"wpforms-field-row-block wpforms-one-half\"><input type=\"text\" id=\"wpforms-486-field_0-last\" class=\"wpforms-field-name-last wpforms-field-required\" name=\"wpforms[fields][0][last]\" required><label for=\"wpforms-486-field_0-last\" class=\"wpforms-field-sublabel after \">Apellidos<\/label><\/div><\/div><\/div><div id=\"wpforms-486-field_1-container\" class=\"wpforms-field wpforms-field-email\" data-field-id=\"1\"><label class=\"wpforms-field-label\" for=\"wpforms-486-field_1\">Correo electr\u00f3nico <span class=\"wpforms-required-label\">*<\/span><\/label><input type=\"email\" id=\"wpforms-486-field_1\" class=\"wpforms-field-medium wpforms-field-required\" name=\"wpforms[fields][1]\" required><\/div><div id=\"wpforms-486-field_3-container\" class=\"wpforms-field wpforms-field-text\" data-field-id=\"3\"><label class=\"wpforms-field-label\" for=\"wpforms-486-field_3\">Empresa <span class=\"wpforms-required-label\">*<\/span><\/label><input type=\"text\" id=\"wpforms-486-field_3\" class=\"wpforms-field-medium wpforms-field-required\" name=\"wpforms[fields][3]\" required><\/div><div id=\"wpforms-486-field_4-container\" class=\"wpforms-field wpforms-field-number\" data-field-id=\"4\"><label class=\"wpforms-field-label\" for=\"wpforms-486-field_4\">Tel\u00e9fono <span class=\"wpforms-required-label\">*<\/span><\/label><input type=\"number\" pattern=\"\\d*\" id=\"wpforms-486-field_4\" class=\"wpforms-field-medium wpforms-field-required\" name=\"wpforms[fields][4]\" required><\/div><div id=\"wpforms-486-field_5-container\" class=\"wpforms-field wpforms-field-select wpforms-field-select-style-classic\" data-field-id=\"5\"><label class=\"wpforms-field-label\" for=\"wpforms-486-field_5\">Desplegable <span class=\"wpforms-required-label\">*<\/span><\/label><select id=\"wpforms-486-field_5\" class=\"wpforms-field-medium wpforms-field-required\" name=\"wpforms[fields][5]\" required=\"required\"><option value=\"Seguridad Privada Industrial\" >Seguridad Privada Industrial<\/option><option value=\"Seguridad Privada Empresarial\" >Seguridad Privada Empresarial<\/option><option value=\"Seguridad Privada Residencial\" >Seguridad Privada Residencial<\/option><option value=\"Custodias de Mercanc\u00edas\" >Custodias de Mercanc\u00edas<\/option><\/select><\/div><div id=\"wpforms-486-field_2-container\" class=\"wpforms-field wpforms-field-textarea\" data-field-id=\"2\"><label class=\"wpforms-field-label\" for=\"wpforms-486-field_2\">Comentario o mensaje <span class=\"wpforms-required-label\">*<\/span><\/label><textarea id=\"wpforms-486-field_2\" class=\"wpforms-field-medium wpforms-field-required\" name=\"wpforms[fields][2]\" required><\/textarea><\/div><\/div><div class=\"wpforms-submit-container\"><input type=\"hidden\" name=\"wpforms[id]\" value=\"486\"><input type=\"hidden\" name=\"wpforms[author]\" value=\"1\"><button type=\"submit\" name=\"wpforms[submit]\" id=\"wpforms-submit-486\" class=\"wpforms-submit\" data-alt-text=\"Enviando...\" data-submit-text=\"Enviar\" aria-live=\"assertive\" value=\"wpforms-submit\">Enviar<\/button><img src=\"https:\/\/www.topalientornoseguro.com.mx\/wp-content\/plugins\/wpforms-lite\/assets\/images\/submit-spin.svg\" class=\"wpforms-submit-spinner\" style=\"display: none;\" width=\"26\" height=\"26\" alt=\"Cargando\"><\/div><\/form><\/div>  <!-- .wpforms-container --><\/div><\/div><\/div><\/div><\/div><\/section><section class=\"kc-elm kc-css-785470 kc_row\"><div class=\"kc-row-container\"><div class=\"kc-wrap-columns\"><div class=\"kc-elm kc-css-161198 kc_col-sm-12 kc_column kc_col-sm-12\"><div class=\"kc-col-container\"><!--Call to Action-->\n<section class=\"call-to-action\" style=\"background-image:url('https:\/\/www.wp1.themexlab.com\/newwp\/bristol\/wp-content\/uploads\/2017\/01\/2-1.jpg');\">\n    <div class=\"auto-container\">\n        <div class=\"row clearfix\">\n            <!--Content Column-->\n            <div class=\"content-column col-md-9 col-sm-9 col-xs-12\">\n                <div class=\"inner-box\">\n                    <div class=\"icon-box\">\n                        <div class=\"icon flaticon-note\"><\/div>\n                    <\/div>\n                    <div class=\"content\">\n                        <h3>PARA M\u00c1S INFORMACI\u00d3N SOBRE NUESTROS SERVICIOS LL\u00c1MANOS AL 477 155-9845 \u00d3 SI O PREFIERES LLENA EL FORMULARIO<\/h3>\n                        <div class=\"text\"><\/div>\n                    <\/div>\n                <\/div>\n            <\/div>\n            \n            <div class=\"btn-column text-right col-md-3 col-sm-3 col-xs-12\">\n                <a href=\"http:\/\/test.rankio.mx\/colosal\/index.php\/contacto\/\" class=\"theme-btn btn-style-one\">CONTACTO<\/a>\n            <\/div>\n            \n        <\/div>\n    <\/div>\n<\/section>\n<!--Call to Action--><\/div><\/div><\/div><\/div><\/section><\/p>\n","protected":false},"excerpt":{"rendered":"","protected":false},"author":1,"featured_media":0,"parent":0,"menu_order":0,"comment_status":"closed","ping_status":"closed","template":"tpl-king_composer.php","meta":{"_monsterinsights_skip_tracking":false,"_monsterinsights_sitenote_active":false,"_monsterinsights_sitenote_note":"","_monsterinsights_sitenote_category":0},"_links":{"self":[{"href":"https:\/\/www.topalientornoseguro.com.mx\/index.php\/wp-json\/wp\/v2\/pages\/185"}],"collection":[{"href":"https:\/\/www.topalientornoseguro.com.mx\/index.php\/wp-json\/wp\/v2\/pages"}],"about":[{"href":"https:\/\/www.topalientornoseguro.com.mx\/index.php\/wp-json\/wp\/v2\/types\/page"}],"author":[{"embeddable":true,"href":"https:\/\/www.topalientornoseguro.com.mx\/index.php\/wp-json\/wp\/v2\/users\/1"}],"replies":[{"embeddable":true,"href":"https:\/\/www.topalientornoseguro.com.mx\/index.php\/wp-json\/wp\/v2\/comments?post=185"}],"version-history":[{"count":20,"href":"https:\/\/www.topalientornoseguro.com.mx\/index.php\/wp-json\/wp\/v2\/pages\/185\/revisions"}],"predecessor-version":[{"id":637,"href":"https:\/\/www.topalientornoseguro.com.mx\/index.php\/wp-json\/wp\/v2\/pages\/185\/revisions\/637"}],"wp:attachment":[{"href":"https:\/\/www.topalientornoseguro.com.mx\/index.php\/wp-json\/wp\/v2\/media?parent=185"}],"curies":[{"name":"wp","href":"https:\/\/api.w.org\/{rel}","templated":true}]}}