{"id":196,"date":"2017-02-04T08:32:07","date_gmt":"2017-02-04T08:32:07","guid":{"rendered":"https:\/\/www.wp1.themexlab.com\/newwp\/bristol\/?page_id=196"},"modified":"2020-11-12T00:35:04","modified_gmt":"2020-11-12T00:35:04","slug":"nuestro-personal","status":"publish","type":"page","link":"https:\/\/www.topalientornoseguro.com.mx\/index.php\/nuestro-personal\/","title":{"rendered":"NUESTRO PERSONAL"},"content":{"rendered":"<p><section class=\"kc-elm kc-css-681237 kc_row sidebar-page-container\"><div class=\"kc-row-container  kc-container\"><div class=\"kc-wrap-columns\"><div class=\"kc-elm kc-css-187556 kc_col-sm-12 kc_column kc_col-sm-12 content-side\"><div class=\"kc-col-container\"><div class=\"services-content\">    \n    <!--Lower Content-->\n    <div class=\"lower-content row clearfix\">\n        <div class=\"column col-md-6 col-sm-6 col-xs-12\">\n            <h3>UNIFORMES Y PERFIL DEL PERSONAL<\/h3>\n            <figure class=\"image-box\">\n                <img src=\"http:\/\/test.rankio.mx\/colosal\/wp-content\/uploads\/2020\/10\/nuestro-personal-min.jpg\" alt=\"Image\" \/>\n            <\/figure>\n        <\/div>\n        <div class=\"content-column col-md-6 col-sm-6 col-xs-12\">\n            <div class=\"text\">El personal de vigilancia est\u00e1 lo suficientemente preparado para actuar en la observaci\u00f3n de las reglas y la atenci\u00f3n diligente con el p\u00fablico, por ello observar\u00e1 el siguiente comportamiento:<\/div>\n            <div class=\"row clearfix\">\n                <div>\r\n<ul class=\"list-style-one\">\r\n<li>Dirigirse al p\u00fablico con conocimiento de las instalaciones, cortes\u00eda y seriedad.<\/li>\r\n<li>Tendr\u00e1 firmeza en el cumplimiento de los reglamentos y consignas.<\/li>\r\n<li>Permanecer\u00e1 de pie o en movimiento en las \u00e1reas designadas que se requiera.<\/li>\r\n<li>Estar atento a movimientos de los usuarios.<\/li>\r\n<li>Se abstendr\u00e1 de fumar, beber, leer cualquier peri\u00f3dico o revista, portar o escuchar radios, t.v. o cualquier actividad que distraiga su funci\u00f3n.<\/li>\r\n<li>El elemento asignado no podr\u00e1 retirarse hasta en tanto no llega su relevo.<\/li>\r\n<\/ul>\r\n<\/div>\r\n<span data-mce-type=\"bookmark\" style=\"width: 0px;overflow: hidden;line-height: 0\" class=\"mce_SELRES_start\">\ufeff<\/span>            <\/div>\n        <\/div>\n        \n    <\/div>\n<\/div><div class=\"services-content\">    \n    <!--Lower Content-->\n    <div class=\"lower-content row clearfix\">\n        <div class=\"column col-md-6 col-sm-6 col-xs-12\">\n            <h3>EQUIPO<\/h3>\n            <figure class=\"image-box\">\n                <img src=\"http:\/\/test.rankio.mx\/colosal\/wp-content\/uploads\/2020\/10\/equipo-01-min.jpg\" alt=\"Image\" \/>\n            <\/figure>\n        <\/div>\n        <div class=\"content-column col-md-6 col-sm-6 col-xs-12\">\n            <div class=\"text\">Se proporcionar\u00e1n los elementos, debidamente capacitados y entrenados para el servicio solicitado, con:<\/div>\n            <div class=\"row clearfix\">\n                <ul class=\"list-style-one\">\r\n \t<li>Uniforme.<\/li>\r\n \t<li>Fornituras.<\/li>\r\n \t<li>Tolete.<\/li>\r\n \t<li>L\u00e1mpara sorda.<\/li>\r\n \t<li>Gas.<\/li>\r\n<\/ul>\r\n<b>El uniforme ser\u00e1 completo:<\/b>\r\n<ul class=\"list-style-one\">\r\n \t<li>Pantal\u00f3n.<\/li>\r\n \t<li>Camisa.<\/li>\r\n \t<li>Chamarra.<\/li>\r\n \t<li>Botas o zapatos.<\/li>\r\n \t<li>Corbata y saco de ser solicitada por el cliente.<\/li>\r\n<\/ul>            <\/div>\n        <\/div>\n        \n    <\/div>\n<\/div><div class=\"services-content\">    \n    <!--Lower Content-->\n    <div class=\"lower-content row clearfix\">\n        <div class=\"column col-md-6 col-sm-6 col-xs-12\">\n            <h3><\/h3>\n            <figure class=\"image-box\">\n                <img src=\"http:\/\/test.rankio.mx\/colosal\/wp-content\/uploads\/2020\/10\/equipo-02-min.jpg\" alt=\"Image\" \/>\n            <\/figure>\n        <\/div>\n        <div class=\"content-column col-md-6 col-sm-6 col-xs-12\">\n            <div class=\"text\">La presentaci\u00f3n y arreglo personal de todos los elementos ser\u00e1 impecable acorde con la imagen del cliente, pulcritud y orden, contemplando un correcto corte de pelo, ba\u00f1o diario, corte de u\u00f1as en general, en los elementos femeninos su presentaci\u00f3n ser\u00e1 discreta en maquillaje, aretes, pulseras o medallas.<\/div>\n            <div class=\"row clearfix\">\n                <p>La edad de los elementos que podr\u00e1 prestar el servicio solicitado ser\u00e1 entre 25 y 55 a\u00f1os. La estatura m\u00ednima requerida ser\u00e1 para hombres 1.65 mts y para mujeres 1.55 mts.<\/p>\r\n<p>El personal estar\u00e1 capacitado para las tareas de vigilancia que se establezcan en las consignas, asimismo, para actuar utilizando adecuadamente el equipo en caso de siniestros, agresiones, manifestaciones, acciones de delincuencia y la prevenci\u00f3n de las mismas.<\/p>\r\n<p>En el\u00a0<b>turno nocturno<\/b>\u00a0deber\u00e1n ser en su totalidad del\u00a0<b>sexo masculino<\/b>.<\/p>\r\n            <\/div>\n        <\/div>\n        \n    <\/div>\n<\/div><\/div><\/div><\/div><\/div><\/section><section class=\"kc-elm kc-css-161910 kc_row\"><div class=\"kc-row-container\"><div class=\"kc-wrap-columns\"><div class=\"kc-elm kc-css-408106 kc_col-sm-12 kc_column kc_col-sm-12\"><div class=\"kc-col-container\"><!--Call to Action-->\n<section class=\"call-to-action\" style=\"background-image:url('https:\/\/www.wp1.themexlab.com\/newwp\/bristol\/wp-content\/uploads\/2017\/01\/2-1.jpg');\">\n    <div class=\"auto-container\">\n        <div class=\"row clearfix\">\n            <!--Content Column-->\n            <div class=\"content-column col-md-9 col-sm-9 col-xs-12\">\n                <div class=\"inner-box\">\n                    <div class=\"icon-box\">\n                        <div class=\"icon flaticon-note\"><\/div>\n                    <\/div>\n                    <div class=\"content\">\n                        <h3>PARA M\u00c1S INFORMACI\u00d3N SOBRE NUESTROS SERVICIOS LL\u00c1MANOS AL 477 155-9845 \u00d3 SI O PREFIERES LLENA EL FORMULARIO<\/h3>\n                        <div class=\"text\"><\/div>\n                    <\/div>\n                <\/div>\n            <\/div>\n            \n            <div class=\"btn-column text-right col-md-3 col-sm-3 col-xs-12\">\n                <a href=\"http:\/\/test.rankio.mx\/colosal\/index.php\/contacto\/\" class=\"theme-btn btn-style-one\">CONTACTO<\/a>\n            <\/div>\n            \n        <\/div>\n    <\/div>\n<\/section>\n<!--Call to Action--><\/div><\/div><\/div><\/div><\/section><\/p>\n","protected":false},"excerpt":{"rendered":"","protected":false},"author":1,"featured_media":0,"parent":0,"menu_order":0,"comment_status":"closed","ping_status":"closed","template":"tpl-king_composer.php","meta":{"_monsterinsights_skip_tracking":false,"_monsterinsights_sitenote_active":false,"_monsterinsights_sitenote_note":"","_monsterinsights_sitenote_category":0},"_links":{"self":[{"href":"https:\/\/www.topalientornoseguro.com.mx\/index.php\/wp-json\/wp\/v2\/pages\/196"}],"collection":[{"href":"https:\/\/www.topalientornoseguro.com.mx\/index.php\/wp-json\/wp\/v2\/pages"}],"about":[{"href":"https:\/\/www.topalientornoseguro.com.mx\/index.php\/wp-json\/wp\/v2\/types\/page"}],"author":[{"embeddable":true,"href":"https:\/\/www.topalientornoseguro.com.mx\/index.php\/wp-json\/wp\/v2\/users\/1"}],"replies":[{"embeddable":true,"href":"https:\/\/www.topalientornoseguro.com.mx\/index.php\/wp-json\/wp\/v2\/comments?post=196"}],"version-history":[{"count":10,"href":"https:\/\/www.topalientornoseguro.com.mx\/index.php\/wp-json\/wp\/v2\/pages\/196\/revisions"}],"predecessor-version":[{"id":674,"href":"https:\/\/www.topalientornoseguro.com.mx\/index.php\/wp-json\/wp\/v2\/pages\/196\/revisions\/674"}],"wp:attachment":[{"href":"https:\/\/www.topalientornoseguro.com.mx\/index.php\/wp-json\/wp\/v2\/media?parent=196"}],"curies":[{"name":"wp","href":"https:\/\/api.w.org\/{rel}","templated":true}]}}