{"id":211,"date":"2017-02-04T08:40:36","date_gmt":"2017-02-04T08:40:36","guid":{"rendered":"https:\/\/www.wp1.themexlab.com\/newwp\/bristol\/?page_id=211"},"modified":"2020-11-12T01:34:59","modified_gmt":"2020-11-12T01:34:59","slug":"bolsa-de-trabajo","status":"publish","type":"page","link":"https:\/\/www.topalientornoseguro.com.mx\/index.php\/bolsa-de-trabajo\/","title":{"rendered":"BOLSA DE TRABAJO"},"content":{"rendered":"<p><section class=\"kc-elm kc-css-303536 kc_row sidebar-page-container\"><div class=\"kc-row-container  kc-container\"><div class=\"kc-wrap-columns\"><div class=\"kc-elm kc-css-619181 kc_col-sm-8 kc_column kc_col-sm-8 content-side\"><div class=\"kc-col-container\"><div class=\"services-content\">    \n    <!--Lower Content-->\n    <div class=\"lower-content row clearfix\">\n        <div class=\"column col-md-6 col-sm-6 col-xs-12\">\n            <h3>PERFIL DEL GUARDIA DE SEGURIDAD<\/h3>\n            <figure class=\"image-box\">\n                <img src=\"http:\/\/test.rankio.mx\/colosal\/wp-content\/uploads\/2020\/10\/nosotros-min.jpg\" alt=\"Image\" \/>\n            <\/figure>\n        <\/div>\n        <div class=\"content-column col-md-6 col-sm-6 col-xs-12\">\n            <div class=\"text\"><\/div>\n            <div class=\"row clearfix\">\n                <ul class=\"list-style-one\">\r\n<li>Edad entre 22 y 55 a\u00f1os.<\/li>\r\n<li><b>Escolaridad m\u00ednima:<\/b>\u00a0Secundar\u00eda o equivalente.<\/li>\r\n<li><b>Sexo:<\/b>\u00a0Masculino o Femenino.<\/li>\r\n<li><b>Estatura:<\/b>\u00a0Hombre de 1.65m m\u00ednimo, mujeres 1.55m.<\/li>\r\n<li><b>Complexi\u00f3n:<\/b>\u00a0Regular de acuerdo a su estatura.<\/li>\r\n<li>NO tatuajes, NO aretes, cabello corto y sin barba.<\/li>\r\n<li>Experiencia laboral en el ramo comprobable.<\/li>\r\n<li>De preferencia casado.<\/li>\r\n<\/ul>\r\n            <\/div>\n        <\/div>\n        \n    <\/div>\n<\/div><\/div><\/div><div class=\"kc-elm kc-css-438178 kc_col-sm-4 kc_column kc_col-sm-4 sidebar blog-sidebar\"><div class=\"kc-col-container\"><div class=\"kc-elm kc-css-11246 widget-area kc-wp-sidebar\"><div id=\"search-2\" class=\"widget sidebar-widget widget_search\"><div class=\"search-box\">\n    <form action=\"https:\/\/www.topalientornoseguro.com.mx\/\" method=\"get\">\n    \t<div class=\"form-group\">\n            <input type=\"search\" name=\"s\" value=\"\" placeholder=\"BUSCAR\">\n            <button type=\"submit\"><span class=\"icon fa fa-search\"><\/span><\/button>\n        <\/div>\n    <\/form>\n<\/div>\n\n<\/div><div id=\"bunch_contact_info-2\" class=\"widget sidebar-widget widget_bunch_contact_info\">      \t\t\n            <!-- Contact Info Widget -->\n            <div class=\"sidebar-widget contact-info-widget\">\n                <!--Sidebar Title-->\n                <div class=\"sidebar-title\"><h3>CONTACTO<\/h3><\/div>                \n                <div class=\"contact-inner\">\n                    <!--Contact Info-->\n                    <ul class=\"contact-info style-two\">\n                        <li><span class=\"icon flaticon-pin-1\"><\/span> Guadalajara Jal<\/li>\n                        <li><span class=\"icon fa fa-envelope-o\"><\/span> contacto@topalientornoseguro.com.mx<\/li>\n                        <li><span class=\"icon flaticon-technology-1\"><\/span> 477 155-9845<\/li>\n                    <\/ul>\n                <\/div>\n                \n            <\/div>\n            \n\t\t<\/div><\/div><\/div><\/div><\/div><\/div><\/section><section class=\"kc-elm kc-css-604642 kc_row\"><div class=\"kc-row-container\"><div class=\"kc-wrap-columns\"><div class=\"kc-elm kc-css-886626 kc_col-sm-12 kc_column kc_col-sm-12\"><div class=\"kc-col-container\"><!--Call to Action-->\n<section class=\"call-to-action\" style=\"background-image:url('https:\/\/www.wp1.themexlab.com\/newwp\/bristol\/wp-content\/uploads\/2017\/01\/2-1.jpg');\">\n    <div class=\"auto-container\">\n        <div class=\"row clearfix\">\n            <!--Content Column-->\n            <div class=\"content-column col-md-9 col-sm-9 col-xs-12\">\n                <div class=\"inner-box\">\n                    <div class=\"icon-box\">\n                        <div class=\"icon flaticon-note\"><\/div>\n                    <\/div>\n                    <div class=\"content\">\n                        <h3>PARA M\u00c1S INFORMACI\u00d3N SOBRE NUESTROS SERVICIOS LL\u00c1MANOS AL 477 155-9845 \u00d3 SI O PREFIERES LLENA EL FORMULARIO<\/h3>\n                        <div class=\"text\"><\/div>\n                    <\/div>\n                <\/div>\n            <\/div>\n            \n            <div class=\"btn-column text-right col-md-3 col-sm-3 col-xs-12\">\n                <a href=\"http:\/\/test.rankio.mx\/colosal\/index.php\/contacto\/\" class=\"theme-btn btn-style-one\">CONTACTO<\/a>\n            <\/div>\n            \n        <\/div>\n    <\/div>\n<\/section>\n<!--Call to Action--><\/div><\/div><\/div><\/div><\/section><\/p>\n","protected":false},"excerpt":{"rendered":"","protected":false},"author":1,"featured_media":0,"parent":0,"menu_order":0,"comment_status":"closed","ping_status":"closed","template":"tpl-king_composer.php","meta":{"_monsterinsights_skip_tracking":false,"_monsterinsights_sitenote_active":false,"_monsterinsights_sitenote_note":"","_monsterinsights_sitenote_category":0},"_links":{"self":[{"href":"https:\/\/www.topalientornoseguro.com.mx\/index.php\/wp-json\/wp\/v2\/pages\/211"}],"collection":[{"href":"https:\/\/www.topalientornoseguro.com.mx\/index.php\/wp-json\/wp\/v2\/pages"}],"about":[{"href":"https:\/\/www.topalientornoseguro.com.mx\/index.php\/wp-json\/wp\/v2\/types\/page"}],"author":[{"embeddable":true,"href":"https:\/\/www.topalientornoseguro.com.mx\/index.php\/wp-json\/wp\/v2\/users\/1"}],"replies":[{"embeddable":true,"href":"https:\/\/www.topalientornoseguro.com.mx\/index.php\/wp-json\/wp\/v2\/comments?post=211"}],"version-history":[{"count":8,"href":"https:\/\/www.topalientornoseguro.com.mx\/index.php\/wp-json\/wp\/v2\/pages\/211\/revisions"}],"predecessor-version":[{"id":712,"href":"https:\/\/www.topalientornoseguro.com.mx\/index.php\/wp-json\/wp\/v2\/pages\/211\/revisions\/712"}],"wp:attachment":[{"href":"https:\/\/www.topalientornoseguro.com.mx\/index.php\/wp-json\/wp\/v2\/media?parent=211"}],"curies":[{"name":"wp","href":"https:\/\/api.w.org\/{rel}","templated":true}]}}